{"id":12167,"date":"2025-06-02T11:30:42","date_gmt":"2025-06-02T08:30:42","guid":{"rendered":"https:\/\/vulcom.ro\/?post_type=product&#038;p=12167"},"modified":"2026-04-16T12:03:51","modified_gmt":"2026-04-16T09:03:51","slug":"snur-o14","status":"publish","type":"product","link":"https:\/\/vulcom.ro\/en\/magazin\/snur-o14\/","title":{"rendered":"Snur din cauciuc EPDM spongios \u00d814 mm"},"content":{"rendered":"<p>Material:<strong> Cauciuc spongios duritate 45\u00b0 Shore \u2013 Protec\u021bie \u0219i Etan\u0219are de \u00cenalt\u0103 Calitate<\/strong><\/p>\n<p><strong>Rezisten\u021b\u0103 la temperaturi extreme<\/strong><\/p>\n<p>Func\u021bioneaz\u0103 eficient \u00eentre -40\u00b0C \u0219i +125\u00b0C, p\u0103str\u00e2ndu-\u0219i propriet\u0103\u021bile indiferent de sezon.<\/p>\n<p><strong>Rezisten\u021b\u0103 excep\u021bional\u0103 la agen\u021bi atmosferici<\/strong><\/p>\n<p>EPDM ofer\u0103 protec\u021bie superioar\u0103 \u00eempotriva razelor UV, ozonului, oxigenului \u0219i \u00eemb\u0103tr\u00e2nirii, fiind ideal pentru utilizare \u00een exterior.<\/p>\n<p><strong>Compatibilitate excelent\u0103 cu abur, ap\u0103 fierbinte \u0219i aer<\/strong><\/p>\n<p>Perfect pentru medii umede sau expuse la temperaturi ridicate.<br \/>\n&#8211; Rezisten\u021b\u0103 foarte bun\u0103 la acizi \u0219i baze minerale. Asigur\u0103 o durat\u0103 de via\u021b\u0103 \u00eendelungat\u0103 chiar \u0219i \u00een medii chimice solicitante.<br \/>\n&#8211; Comportament remarcabil la temperaturi joase: R\u0103m\u00e2ne flexibil \u0219i eficient chiar \u0219i \u00een condi\u021bii de frig extrem.<br \/>\n&#8211; Rezisten\u021b\u0103 bun\u0103 la abraziune: Ideal pentru aplica\u021bii unde frecarea este constant\u0103.<\/p>\n<p><strong>\u00a0Utiliz\u0103ri Recomandate:<\/strong><\/p>\n<p>&#8211; Chedere \u0219i garnituri: Etan\u0219\u0103ri perfecte pentru ferestre, u\u0219i, u\u0219i auto, panouri sau echipamente industriale.<br \/>\n&#8211; Acoperiri protectoare: Strat suplimentar de protec\u021bie pentru suprafe\u021be expuse la intemperii sau substan\u021be chimice.<\/p>","protected":false},"excerpt":{"rendered":"<p>Cantitate minima de comanda 5 metri liniariPret pe metru liniarCod produs:  VLC 18-050 Cauciuc spongios duritate 45\u00b0ShAAi nevoie de ajutor?  0728 968 035<\/p>","protected":false},"featured_media":12168,"comment_status":"closed","ping_status":"closed","template":"","meta":[],"product_brand":[],"product_cat":[115,107],"product_tag":[],"class_list":{"0":"post-12167","1":"product","2":"type-product","3":"status-publish","4":"has-post-thumbnail","6":"product_cat-cauciuc-buretos","7":"product_cat-profilate","9":"first","10":"instock","11":"shipping-taxable","12":"purchasable","13":"product-type-simple"},"_links":{"self":[{"href":"https:\/\/vulcom.ro\/en\/wp-json\/wp\/v2\/product\/12167","targetHints":{"allow":["GET"]}}],"collection":[{"href":"https:\/\/vulcom.ro\/en\/wp-json\/wp\/v2\/product"}],"about":[{"href":"https:\/\/vulcom.ro\/en\/wp-json\/wp\/v2\/types\/product"}],"replies":[{"embeddable":true,"href":"https:\/\/vulcom.ro\/en\/wp-json\/wp\/v2\/comments?post=12167"}],"wp:featuredmedia":[{"embeddable":true,"href":"https:\/\/vulcom.ro\/en\/wp-json\/wp\/v2\/media\/12168"}],"wp:attachment":[{"href":"https:\/\/vulcom.ro\/en\/wp-json\/wp\/v2\/media?parent=12167"}],"wp:term":[{"taxonomy":"product_brand","embeddable":true,"href":"https:\/\/vulcom.ro\/en\/wp-json\/wp\/v2\/product_brand?post=12167"},{"taxonomy":"product_cat","embeddable":true,"href":"https:\/\/vulcom.ro\/en\/wp-json\/wp\/v2\/product_cat?post=12167"},{"taxonomy":"product_tag","embeddable":true,"href":"https:\/\/vulcom.ro\/en\/wp-json\/wp\/v2\/product_tag?post=12167"}],"curies":[{"name":"wp","href":"https:\/\/api.w.org\/{rel}","templated":true}]}}