{"id":12133,"date":"2025-05-22T14:12:20","date_gmt":"2025-05-22T11:12:20","guid":{"rendered":"https:\/\/vulcom.ro\/?post_type=product&#038;p=12133"},"modified":"2026-04-16T12:03:52","modified_gmt":"2026-04-16T09:03:52","slug":"garnitura-chiulasa","status":"publish","type":"product","link":"https:\/\/vulcom.ro\/en\/magazin\/garnitura-chiulasa\/","title":{"rendered":"Garnitura chiulasa din cauciuc"},"content":{"rendered":"<p><strong> Cauciuc Butadien-Acrilonitrilic (NBR)<\/strong> \u2013 Solu\u021bia Fiabil\u0103 pentru Etan\u0219\u0103ri Profesionale<\/p>\n<p><strong>Interval larg de temperatur\u0103<\/strong><\/p>\n<p>Recomandat pentru utilizare \u00eentre -50\u00b0C \u0219i +110\u00b0C (intermitent p\u00e2n\u0103 la +120\u00b0C), NBR r\u0103m\u00e2ne flexibil \u0219i eficient chiar \u0219i \u00een condi\u021bii solicitante.<\/p>\n<p><strong>Rezisten\u021b\u0103 excelent\u0103 la uleiuri \u0219i combustibili<\/strong><\/p>\n<p>Ideal pentru contactul cu uleiuri minerale (hidraulic, motor, transformator), uleiuri vegetale, carburan\u021bi (p\u0103cur\u0103, motorin\u0103), unsori consistente \u0219i emulsii ap\u0103-ulei.<\/p>\n<p><strong>Impermeabilitate la gaze<\/strong><\/p>\n<p>Asigur\u0103 o etan\u0219are eficient\u0103 \u00eempotriva gazelor precum metan, etan, propan sau butan.<\/p>\n<p><strong>Durabilitate mecanic\u0103<\/strong><\/p>\n<p>Ofer\u0103 rezisten\u021b\u0103 deosebit\u0103 la sf\u00e2\u0219iere, abraziune \u0219i deformare la compresie, men\u021bin\u00e2nd performan\u021ba pe termen lung.<\/p>\n<p>Aten\u021bie la compatibilitate:* NBR nu este recomandat pentru contactul cu hidrocarburi aromatice (benzen, toluen, xileni), glicoli (lichide de r\u0103cire sau fr\u00e2n\u0103), ozon sau radia\u021bii UV.<\/p>\n<p>Utiliz\u0103ri recomandate:<\/p>\n<p>Etan\u0219\u0103ri pneumatice \u0219i hidraulice: Garnituri, O-ringuri, man\u0219oane \u0219i alte componente esen\u021biale pentru sisteme industriale, auto sau agricole.<\/p>\n<p>&nbsp;<\/p>\n<p>&nbsp;<\/p>\n<p>&nbsp;<\/p>","protected":false},"excerpt":{"rendered":"<p>Cantitate minima de comanda 10 metri liniariPret pe metru liniarCod produs:  VLC 07-088 NBR compact duritate 65\u00b0SHAi nevoie de ajutor?  0728 968 035<\/p>","protected":false},"featured_media":12119,"comment_status":"closed","ping_status":"closed","template":"","meta":[],"product_brand":[],"product_cat":[114,136],"product_tag":[],"class_list":{"0":"post-12133","1":"product","2":"type-product","3":"status-publish","4":"has-post-thumbnail","6":"product_cat-cauciuc-compact","7":"product_cat-tip-u","9":"first","10":"instock","11":"shipping-taxable","12":"purchasable","13":"product-type-simple"},"_links":{"self":[{"href":"https:\/\/vulcom.ro\/en\/wp-json\/wp\/v2\/product\/12133","targetHints":{"allow":["GET"]}}],"collection":[{"href":"https:\/\/vulcom.ro\/en\/wp-json\/wp\/v2\/product"}],"about":[{"href":"https:\/\/vulcom.ro\/en\/wp-json\/wp\/v2\/types\/product"}],"replies":[{"embeddable":true,"href":"https:\/\/vulcom.ro\/en\/wp-json\/wp\/v2\/comments?post=12133"}],"wp:featuredmedia":[{"embeddable":true,"href":"https:\/\/vulcom.ro\/en\/wp-json\/wp\/v2\/media\/12119"}],"wp:attachment":[{"href":"https:\/\/vulcom.ro\/en\/wp-json\/wp\/v2\/media?parent=12133"}],"wp:term":[{"taxonomy":"product_brand","embeddable":true,"href":"https:\/\/vulcom.ro\/en\/wp-json\/wp\/v2\/product_brand?post=12133"},{"taxonomy":"product_cat","embeddable":true,"href":"https:\/\/vulcom.ro\/en\/wp-json\/wp\/v2\/product_cat?post=12133"},{"taxonomy":"product_tag","embeddable":true,"href":"https:\/\/vulcom.ro\/en\/wp-json\/wp\/v2\/product_tag?post=12133"}],"curies":[{"name":"wp","href":"https:\/\/api.w.org\/{rel}","templated":true}]}}